{"id":112,"date":"2024-08-19T15:25:24","date_gmt":"2024-08-19T15:25:24","guid":{"rendered":"https:\/\/minnahaukka.com\/?page_id=112"},"modified":"2024-08-19T15:58:31","modified_gmt":"2024-08-19T15:58:31","slug":"monica-sjoo","status":"publish","type":"page","link":"https:\/\/minnahaukka.com\/?page_id=112","title":{"rendered":"Monica Sjoo"},"content":{"rendered":"<p><a href=\"https:\/\/beaconsfield.ltd.uk\/projects\/monica-sjoo-the-time-is-now-and-it-is-overdue\/\"><img loading=\"lazy\" decoding=\"async\" class=\"alignnone wp-image-118\" src=\"http:\/\/minnahaukka.com\/wp-content\/uploads\/2024\/08\/IMG_9624pp-1-300x200.jpg\" alt=\"\" width=\"566\" height=\"377\" srcset=\"https:\/\/minnahaukka.com\/wp-content\/uploads\/2024\/08\/IMG_9624pp-1-300x200.jpg 300w, https:\/\/minnahaukka.com\/wp-content\/uploads\/2024\/08\/IMG_9624pp-1-1024x683.jpg 1024w, https:\/\/minnahaukka.com\/wp-content\/uploads\/2024\/08\/IMG_9624pp-1-768x512.jpg 768w, https:\/\/minnahaukka.com\/wp-content\/uploads\/2024\/08\/IMG_9624pp-1.jpg 1400w\" sizes=\"auto, (max-width: 566px) 100vw, 566px\" \/><\/a><\/p>\n<p><a href=\"https:\/\/beaconsfield.ltd.uk\/projects\/monica-sjoo-the-time-is-now-and-it-is-overdue\/\">Monica Sj\u00f6\u00f6 The time is NOW and it is overdue!<\/a> is initiated by Minna Haukka of Feminist Library and co-curated with\u00a0Naomi Siderfin and David Crawforth of Beaconsfield.<\/p>\n<p>That the personal is politica<a name=\"_ftnref1\"><\/a><a name=\"_ftnref2\"><\/a>l<a href=\"applewebdata:\/\/59BD626A-93E0-46D3-95AD-2E9A812080B7#_ftn1\" name=\"_ftnref1\">[1]<\/a>\u00a0was never in question for Swedish artist and activist Monica Sj\u00f6\u00f6 (1938-2005). Sj\u00f6\u00f6\u2019s personal sense of anguish for the earth, and political anger about systemic violence against women were entwined and expressed through the celebration of the rituals of Goddess cultures and non-binary ways of living that characterised her art and activism. A defiance of patriarchy and acute awareness of ecological issues is demonstrated in the body of work brought together for this exhibition of largely unseen paintings and mixed media drawings at Beaconsfield, courtesy of the Estate of Monica Sj\u00f6\u00f6.<\/p>\n<figure id=\"attachment_120\" aria-describedby=\"caption-attachment-120\" style=\"width: 555px\" class=\"wp-caption alignnone\"><a href=\"https:\/\/beaconsfield.ltd.uk\/peace-camp-the-imaginary-of-greenham-common\/\"><img loading=\"lazy\" decoding=\"async\" class=\"wp-image-120\" src=\"http:\/\/minnahaukka.com\/wp-content\/uploads\/2024\/08\/WhatsApp-Image-2022-08-24-at-1.18.22-PM-3p-300x225.jpg\" alt=\"\" width=\"555\" height=\"416\" srcset=\"https:\/\/minnahaukka.com\/wp-content\/uploads\/2024\/08\/WhatsApp-Image-2022-08-24-at-1.18.22-PM-3p-300x225.jpg 300w, https:\/\/minnahaukka.com\/wp-content\/uploads\/2024\/08\/WhatsApp-Image-2022-08-24-at-1.18.22-PM-3p-768x576.jpg 768w, https:\/\/minnahaukka.com\/wp-content\/uploads\/2024\/08\/WhatsApp-Image-2022-08-24-at-1.18.22-PM-3p.jpg 1024w\" sizes=\"auto, (max-width: 555px) 100vw, 555px\" \/><\/a><figcaption id=\"caption-attachment-120\" class=\"wp-caption-text\">Peace Camp week, Mobile Feminist Library with Minna Haukka and Kristin Luke. Photo by Naomi Siderfin<\/figcaption><\/figure>\n<p>This collaboration between Beaconsfield, Feminist Library and the Estate of Monica Sj\u00f6\u00f6, brings Sj\u00f6\u00f6\u2019s life and work into fresh focus. Her unapologetic figuration predates contemporary articulations of an Ecofeminism that regards climate crisis, colonialism and ever-present militarism as interlocking systems of oppression. The urgency of these issues now in 2022 was felt then in 1971: \u2018The time is NOW and it is overdue!\u2019<a href=\"applewebdata:\/\/59BD626A-93E0-46D3-95AD-2E9A812080B7#_ftn2\" name=\"_ftnref2\">[2]<\/a><\/p>\n<p>The exhibition of 56 paintings and drawings by Monica Sj\u00f6\u00f6 is placed in contemporary context through a programme of performances, workshops, reading groups and symposia by contemporary artists and writers invited to respond to the issues explored by Sj\u00f6\u00f6 in her life and work.<\/p>\n<p>Contributing artists and writers include:<\/p>\n<p><strong><strong class=\"\"><span class=\"\">Sally Pomme Clayton, Katy Deepwell, Rachel Fallon, Caitlin Fleming, Rachel Garfield, Una Hamilton Helle, Minna Haukka, Harriet Hill, Sam Hodge, Islaja, Annie Johnston, Kara Keeling, Alexandra Kokoli, Kristin Luke, Nad Ma, Bindu Mehra, Liz Murray, Maggie Parks, Fran Painter Fleming, Linda Persson, Raju Rage, Anne Robinson, Anita Slater, Tansy Spinks, Atau Tanaka, Tears|Ov, Rupert White, Linsey Young<\/span><\/strong>.<\/strong><\/p>\n","protected":false},"excerpt":{"rendered":"<p>Monica Sj\u00f6\u00f6 The time is NOW and it is overdue! is initiated by Minna Haukka of Feminist Library and co-curated with\u00a0Naomi Siderfin and David Crawforth of Beaconsfield. That the personal is political[1]\u00a0was never in question for Swedish artist and activist Monica Sj\u00f6\u00f6 (1938-2005). Sj\u00f6\u00f6\u2019s personal sense of anguish for the earth, and political anger about &hellip; <\/p>\n<p class=\"link-more\"><a href=\"https:\/\/minnahaukka.com\/?page_id=112\" class=\"more-link\">Continue reading<span class=\"screen-reader-text\"> &#8220;Monica Sjoo&#8221;<\/span><\/a><\/p>\n","protected":false},"author":1,"featured_media":0,"parent":68,"menu_order":0,"comment_status":"closed","ping_status":"closed","template":"","meta":{"_acf_changed":false,"footnotes":""},"class_list":["post-112","page","type-page","status-publish","hentry"],"acf":[],"_links":{"self":[{"href":"https:\/\/minnahaukka.com\/index.php?rest_route=\/wp\/v2\/pages\/112","targetHints":{"allow":["GET"]}}],"collection":[{"href":"https:\/\/minnahaukka.com\/index.php?rest_route=\/wp\/v2\/pages"}],"about":[{"href":"https:\/\/minnahaukka.com\/index.php?rest_route=\/wp\/v2\/types\/page"}],"author":[{"embeddable":true,"href":"https:\/\/minnahaukka.com\/index.php?rest_route=\/wp\/v2\/users\/1"}],"replies":[{"embeddable":true,"href":"https:\/\/minnahaukka.com\/index.php?rest_route=%2Fwp%2Fv2%2Fcomments&post=112"}],"version-history":[{"count":5,"href":"https:\/\/minnahaukka.com\/index.php?rest_route=\/wp\/v2\/pages\/112\/revisions"}],"predecessor-version":[{"id":121,"href":"https:\/\/minnahaukka.com\/index.php?rest_route=\/wp\/v2\/pages\/112\/revisions\/121"}],"up":[{"embeddable":true,"href":"https:\/\/minnahaukka.com\/index.php?rest_route=\/wp\/v2\/pages\/68"}],"wp:attachment":[{"href":"https:\/\/minnahaukka.com\/index.php?rest_route=%2Fwp%2Fv2%2Fmedia&parent=112"}],"curies":[{"name":"wp","href":"https:\/\/api.w.org\/{rel}","templated":true}]}}